{"id":5696,"date":"2017-08-17T10:44:31","date_gmt":"2017-08-17T08:44:31","guid":{"rendered":"https:\/\/auschwitz.net\/?page_id=5696"},"modified":"2023-01-19T16:39:20","modified_gmt":"2023-01-19T15:39:20","slug":"horarios-tarifas","status":"publish","type":"page","link":"https:\/\/auschwitz.net\/es\/horarios-tarifas\/","title":{"rendered":"Horarios y tarifas"},"content":{"rendered":"","protected":false},"excerpt":{"rendered":"","protected":false},"author":1,"featured_media":0,"parent":0,"menu_order":0,"comment_status":"closed","ping_status":"closed","template":"","meta":{"footnotes":""},"class_list":["post-5696","page","type-page","status-publish","hentry"],"yoast_head":"<!-- This site is optimized with the Yoast SEO plugin v26.8 - https:\/\/yoast.com\/product\/yoast-seo-wordpress\/ -->\n<title>Horarios y tarifas - Exposici\u00f3n Auschwitz<\/title>\n<meta name=\"description\" content=\"Inf\u00f3rmate sobre los precios y descuentos en tus entradas, as\u00ed como el horario de apertura para visitar la exposici\u00f3n Auschwitz en Los \u00c1ngeles\" \/>\n<meta name=\"robots\" content=\"index, follow, max-snippet:-1, max-image-preview:large, max-video-preview:-1\" \/>\n<link rel=\"canonical\" href=\"https:\/\/auschwitz.net\/es\/horarios-tarifas\/\" \/>\n<meta property=\"og:locale\" content=\"es_ES\" \/>\n<meta property=\"og:type\" content=\"article\" \/>\n<meta property=\"og:title\" content=\"Horarios y tarifas - Exposici\u00f3n Auschwitz\" \/>\n<meta property=\"og:description\" content=\"Inf\u00f3rmate sobre los precios y descuentos en tus entradas, as\u00ed como el horario de apertura para visitar la exposici\u00f3n Auschwitz en Los \u00c1ngeles\" \/>\n<meta property=\"og:url\" content=\"https:\/\/auschwitz.net\/es\/horarios-tarifas\/\" \/>\n<meta property=\"og:site_name\" content=\"Auschwitz\" \/>\n<meta property=\"article:publisher\" content=\"https:\/\/www.facebook.com\/auschwitzexhibition\/\" \/>\n<meta property=\"article:modified_time\" content=\"2023-01-19T15:39:20+00:00\" \/>\n<meta name=\"twitter:card\" content=\"summary_large_image\" \/>\n<meta name=\"twitter:site\" content=\"@auschwitzxhibit\" \/>\n<script type=\"application\/ld+json\" class=\"yoast-schema-graph\">{\"@context\":\"https:\/\/schema.org\",\"@graph\":[{\"@type\":\"WebPage\",\"@id\":\"https:\/\/auschwitz.net\/es\/horarios-tarifas\/\",\"url\":\"https:\/\/auschwitz.net\/es\/horarios-tarifas\/\",\"name\":\"Horarios y tarifas - Exposici\u00f3n Auschwitz\",\"isPartOf\":{\"@id\":\"https:\/\/auschwitz.net\/#website\"},\"datePublished\":\"2017-08-17T08:44:31+00:00\",\"dateModified\":\"2023-01-19T15:39:20+00:00\",\"description\":\"Inf\u00f3rmate sobre los precios y descuentos en tus entradas, as\u00ed como el horario de apertura para visitar la exposici\u00f3n Auschwitz en Los \u00c1ngeles\",\"breadcrumb\":{\"@id\":\"https:\/\/auschwitz.net\/es\/horarios-tarifas\/#breadcrumb\"},\"inLanguage\":\"es\",\"potentialAction\":[{\"@type\":\"ReadAction\",\"target\":[\"https:\/\/auschwitz.net\/es\/horarios-tarifas\/\"]}]},{\"@type\":\"BreadcrumbList\",\"@id\":\"https:\/\/auschwitz.net\/es\/horarios-tarifas\/#breadcrumb\",\"itemListElement\":[{\"@type\":\"ListItem\",\"position\":1,\"name\":\"Portada\",\"item\":\"https:\/\/auschwitz.net\/es\/?page_id=17381\"},{\"@type\":\"ListItem\",\"position\":2,\"name\":\"Horarios y tarifas\"}]},{\"@type\":\"WebSite\",\"@id\":\"https:\/\/auschwitz.net\/#website\",\"url\":\"https:\/\/auschwitz.net\/\",\"name\":\"Auschwitz\",\"description\":\"Exposici\u00f3n Auschwitz, en Madrid hasta el 16 de junio de 2018. Una emotiva y rigurosa muestra sobre el mayor campo nazi alem\u00e1n, con m\u00e1s de 600 objetos originales.\",\"potentialAction\":[{\"@type\":\"SearchAction\",\"target\":{\"@type\":\"EntryPoint\",\"urlTemplate\":\"https:\/\/auschwitz.net\/?s={search_term_string}\"},\"query-input\":{\"@type\":\"PropertyValueSpecification\",\"valueRequired\":true,\"valueName\":\"search_term_string\"}}],\"inLanguage\":\"es\"}]}<\/script>\n<!-- \/ Yoast SEO plugin. -->","yoast_head_json":{"title":"Horarios y tarifas - Exposici\u00f3n Auschwitz","description":"Inf\u00f3rmate sobre los precios y descuentos en tus entradas, as\u00ed como el horario de apertura para visitar la exposici\u00f3n Auschwitz en Los \u00c1ngeles","robots":{"index":"index","follow":"follow","max-snippet":"max-snippet:-1","max-image-preview":"max-image-preview:large","max-video-preview":"max-video-preview:-1"},"canonical":"https:\/\/auschwitz.net\/es\/horarios-tarifas\/","og_locale":"es_ES","og_type":"article","og_title":"Horarios y tarifas - Exposici\u00f3n Auschwitz","og_description":"Inf\u00f3rmate sobre los precios y descuentos en tus entradas, as\u00ed como el horario de apertura para visitar la exposici\u00f3n Auschwitz en Los \u00c1ngeles","og_url":"https:\/\/auschwitz.net\/es\/horarios-tarifas\/","og_site_name":"Auschwitz","article_publisher":"https:\/\/www.facebook.com\/auschwitzexhibition\/","article_modified_time":"2023-01-19T15:39:20+00:00","twitter_card":"summary_large_image","twitter_site":"@auschwitzxhibit","schema":{"@context":"https:\/\/schema.org","@graph":[{"@type":"WebPage","@id":"https:\/\/auschwitz.net\/es\/horarios-tarifas\/","url":"https:\/\/auschwitz.net\/es\/horarios-tarifas\/","name":"Horarios y tarifas - Exposici\u00f3n Auschwitz","isPartOf":{"@id":"https:\/\/auschwitz.net\/#website"},"datePublished":"2017-08-17T08:44:31+00:00","dateModified":"2023-01-19T15:39:20+00:00","description":"Inf\u00f3rmate sobre los precios y descuentos en tus entradas, as\u00ed como el horario de apertura para visitar la exposici\u00f3n Auschwitz en Los \u00c1ngeles","breadcrumb":{"@id":"https:\/\/auschwitz.net\/es\/horarios-tarifas\/#breadcrumb"},"inLanguage":"es","potentialAction":[{"@type":"ReadAction","target":["https:\/\/auschwitz.net\/es\/horarios-tarifas\/"]}]},{"@type":"BreadcrumbList","@id":"https:\/\/auschwitz.net\/es\/horarios-tarifas\/#breadcrumb","itemListElement":[{"@type":"ListItem","position":1,"name":"Portada","item":"https:\/\/auschwitz.net\/es\/?page_id=17381"},{"@type":"ListItem","position":2,"name":"Horarios y tarifas"}]},{"@type":"WebSite","@id":"https:\/\/auschwitz.net\/#website","url":"https:\/\/auschwitz.net\/","name":"Auschwitz","description":"Exposici\u00f3n Auschwitz, en Madrid hasta el 16 de junio de 2018. Una emotiva y rigurosa muestra sobre el mayor campo nazi alem\u00e1n, con m\u00e1s de 600 objetos originales.","potentialAction":[{"@type":"SearchAction","target":{"@type":"EntryPoint","urlTemplate":"https:\/\/auschwitz.net\/?s={search_term_string}"},"query-input":{"@type":"PropertyValueSpecification","valueRequired":true,"valueName":"search_term_string"}}],"inLanguage":"es"}]}},"_links":{"self":[{"href":"https:\/\/auschwitz.net\/es\/wp-json\/wp\/v2\/pages\/5696","targetHints":{"allow":["GET"]}}],"collection":[{"href":"https:\/\/auschwitz.net\/es\/wp-json\/wp\/v2\/pages"}],"about":[{"href":"https:\/\/auschwitz.net\/es\/wp-json\/wp\/v2\/types\/page"}],"author":[{"embeddable":true,"href":"https:\/\/auschwitz.net\/es\/wp-json\/wp\/v2\/users\/1"}],"replies":[{"embeddable":true,"href":"https:\/\/auschwitz.net\/es\/wp-json\/wp\/v2\/comments?post=5696"}],"version-history":[{"count":5,"href":"https:\/\/auschwitz.net\/es\/wp-json\/wp\/v2\/pages\/5696\/revisions"}],"predecessor-version":[{"id":17074,"href":"https:\/\/auschwitz.net\/es\/wp-json\/wp\/v2\/pages\/5696\/revisions\/17074"}],"wp:attachment":[{"href":"https:\/\/auschwitz.net\/es\/wp-json\/wp\/v2\/media?parent=5696"}],"curies":[{"name":"wp","href":"https:\/\/api.w.org\/{rel}","templated":true}]}}