{"id":4926,"date":"2017-07-27T14:36:00","date_gmt":"2017-07-27T14:36:00","guid":{"rendered":"https:\/\/auschwitz.net\/?page_id=4926"},"modified":"2021-05-20T11:44:45","modified_gmt":"2021-05-20T09:44:45","slug":"nazis-experimentos","status":"publish","type":"page","link":"https:\/\/auschwitz.net\/es\/nazis-experimentos\/","title":{"rendered":"Experimentaci\u00f3n \u00abm\u00e9dica\u00bb"},"content":{"rendered":"","protected":false},"excerpt":{"rendered":"","protected":false},"author":1,"featured_media":0,"parent":0,"menu_order":0,"comment_status":"closed","ping_status":"closed","template":"","meta":{"footnotes":""},"class_list":["post-4926","page","type-page","status-publish","hentry"],"yoast_head":"<!-- This site is optimized with the Yoast SEO plugin v26.8 - https:\/\/yoast.com\/product\/yoast-seo-wordpress\/ -->\n<title>Historia de Auschwitz - Los experimentos realizados por los m\u00e9dicos nazis<\/title>\n<meta name=\"description\" content=\"M\u00e9dicos nazis, encabezados por el Dr. Mengele, llevaron a cabo crueles experimentos pseudo m\u00e9dicos en los y las prisioneras de Auschwitz. Su crueldad...\" \/>\n<meta name=\"robots\" content=\"index, follow, max-snippet:-1, max-image-preview:large, max-video-preview:-1\" \/>\n<link rel=\"canonical\" href=\"https:\/\/auschwitz.net\/es\/nazis-experimentos\/\" \/>\n<meta property=\"og:locale\" content=\"es_ES\" \/>\n<meta property=\"og:type\" content=\"article\" \/>\n<meta property=\"og:title\" content=\"Historia de Auschwitz - Los experimentos realizados por los m\u00e9dicos nazis\" \/>\n<meta property=\"og:description\" content=\"M\u00e9dicos nazis, encabezados por el Dr. Mengele, llevaron a cabo crueles experimentos pseudo m\u00e9dicos en los y las prisioneras de Auschwitz. Su crueldad...\" \/>\n<meta property=\"og:url\" content=\"https:\/\/auschwitz.net\/es\/nazis-experimentos\/\" \/>\n<meta property=\"og:site_name\" content=\"Auschwitz\" \/>\n<meta property=\"article:publisher\" content=\"https:\/\/www.facebook.com\/auschwitzexhibition\/\" \/>\n<meta property=\"article:modified_time\" content=\"2021-05-20T09:44:45+00:00\" \/>\n<meta name=\"twitter:card\" content=\"summary_large_image\" \/>\n<meta name=\"twitter:site\" content=\"@auschwitzxhibit\" \/>\n<script type=\"application\/ld+json\" class=\"yoast-schema-graph\">{\"@context\":\"https:\/\/schema.org\",\"@graph\":[{\"@type\":\"WebPage\",\"@id\":\"https:\/\/auschwitz.net\/es\/nazis-experimentos\/\",\"url\":\"https:\/\/auschwitz.net\/es\/nazis-experimentos\/\",\"name\":\"Historia de Auschwitz - Los experimentos realizados por los m\u00e9dicos nazis\",\"isPartOf\":{\"@id\":\"https:\/\/auschwitz.net\/#website\"},\"datePublished\":\"2017-07-27T14:36:00+00:00\",\"dateModified\":\"2021-05-20T09:44:45+00:00\",\"description\":\"M\u00e9dicos nazis, encabezados por el Dr. Mengele, llevaron a cabo crueles experimentos pseudo m\u00e9dicos en los y las prisioneras de Auschwitz. Su crueldad...\",\"breadcrumb\":{\"@id\":\"https:\/\/auschwitz.net\/es\/nazis-experimentos\/#breadcrumb\"},\"inLanguage\":\"es\",\"potentialAction\":[{\"@type\":\"ReadAction\",\"target\":[\"https:\/\/auschwitz.net\/es\/nazis-experimentos\/\"]}]},{\"@type\":\"BreadcrumbList\",\"@id\":\"https:\/\/auschwitz.net\/es\/nazis-experimentos\/#breadcrumb\",\"itemListElement\":[{\"@type\":\"ListItem\",\"position\":1,\"name\":\"Portada\",\"item\":\"https:\/\/auschwitz.net\/es\/?page_id=17381\"},{\"@type\":\"ListItem\",\"position\":2,\"name\":\"Experimentaci\u00f3n \u00abm\u00e9dica\u00bb\"}]},{\"@type\":\"WebSite\",\"@id\":\"https:\/\/auschwitz.net\/#website\",\"url\":\"https:\/\/auschwitz.net\/\",\"name\":\"Auschwitz\",\"description\":\"Exposici\u00f3n Auschwitz, en Madrid hasta el 16 de junio de 2018. Una emotiva y rigurosa muestra sobre el mayor campo nazi alem\u00e1n, con m\u00e1s de 600 objetos originales.\",\"potentialAction\":[{\"@type\":\"SearchAction\",\"target\":{\"@type\":\"EntryPoint\",\"urlTemplate\":\"https:\/\/auschwitz.net\/?s={search_term_string}\"},\"query-input\":{\"@type\":\"PropertyValueSpecification\",\"valueRequired\":true,\"valueName\":\"search_term_string\"}}],\"inLanguage\":\"es\"}]}<\/script>\n<!-- \/ Yoast SEO plugin. -->","yoast_head_json":{"title":"Historia de Auschwitz - Los experimentos realizados por los m\u00e9dicos nazis","description":"M\u00e9dicos nazis, encabezados por el Dr. Mengele, llevaron a cabo crueles experimentos pseudo m\u00e9dicos en los y las prisioneras de Auschwitz. Su crueldad...","robots":{"index":"index","follow":"follow","max-snippet":"max-snippet:-1","max-image-preview":"max-image-preview:large","max-video-preview":"max-video-preview:-1"},"canonical":"https:\/\/auschwitz.net\/es\/nazis-experimentos\/","og_locale":"es_ES","og_type":"article","og_title":"Historia de Auschwitz - Los experimentos realizados por los m\u00e9dicos nazis","og_description":"M\u00e9dicos nazis, encabezados por el Dr. Mengele, llevaron a cabo crueles experimentos pseudo m\u00e9dicos en los y las prisioneras de Auschwitz. Su crueldad...","og_url":"https:\/\/auschwitz.net\/es\/nazis-experimentos\/","og_site_name":"Auschwitz","article_publisher":"https:\/\/www.facebook.com\/auschwitzexhibition\/","article_modified_time":"2021-05-20T09:44:45+00:00","twitter_card":"summary_large_image","twitter_site":"@auschwitzxhibit","schema":{"@context":"https:\/\/schema.org","@graph":[{"@type":"WebPage","@id":"https:\/\/auschwitz.net\/es\/nazis-experimentos\/","url":"https:\/\/auschwitz.net\/es\/nazis-experimentos\/","name":"Historia de Auschwitz - Los experimentos realizados por los m\u00e9dicos nazis","isPartOf":{"@id":"https:\/\/auschwitz.net\/#website"},"datePublished":"2017-07-27T14:36:00+00:00","dateModified":"2021-05-20T09:44:45+00:00","description":"M\u00e9dicos nazis, encabezados por el Dr. Mengele, llevaron a cabo crueles experimentos pseudo m\u00e9dicos en los y las prisioneras de Auschwitz. Su crueldad...","breadcrumb":{"@id":"https:\/\/auschwitz.net\/es\/nazis-experimentos\/#breadcrumb"},"inLanguage":"es","potentialAction":[{"@type":"ReadAction","target":["https:\/\/auschwitz.net\/es\/nazis-experimentos\/"]}]},{"@type":"BreadcrumbList","@id":"https:\/\/auschwitz.net\/es\/nazis-experimentos\/#breadcrumb","itemListElement":[{"@type":"ListItem","position":1,"name":"Portada","item":"https:\/\/auschwitz.net\/es\/?page_id=17381"},{"@type":"ListItem","position":2,"name":"Experimentaci\u00f3n \u00abm\u00e9dica\u00bb"}]},{"@type":"WebSite","@id":"https:\/\/auschwitz.net\/#website","url":"https:\/\/auschwitz.net\/","name":"Auschwitz","description":"Exposici\u00f3n Auschwitz, en Madrid hasta el 16 de junio de 2018. Una emotiva y rigurosa muestra sobre el mayor campo nazi alem\u00e1n, con m\u00e1s de 600 objetos originales.","potentialAction":[{"@type":"SearchAction","target":{"@type":"EntryPoint","urlTemplate":"https:\/\/auschwitz.net\/?s={search_term_string}"},"query-input":{"@type":"PropertyValueSpecification","valueRequired":true,"valueName":"search_term_string"}}],"inLanguage":"es"}]}},"_links":{"self":[{"href":"https:\/\/auschwitz.net\/es\/wp-json\/wp\/v2\/pages\/4926","targetHints":{"allow":["GET"]}}],"collection":[{"href":"https:\/\/auschwitz.net\/es\/wp-json\/wp\/v2\/pages"}],"about":[{"href":"https:\/\/auschwitz.net\/es\/wp-json\/wp\/v2\/types\/page"}],"author":[{"embeddable":true,"href":"https:\/\/auschwitz.net\/es\/wp-json\/wp\/v2\/users\/1"}],"replies":[{"embeddable":true,"href":"https:\/\/auschwitz.net\/es\/wp-json\/wp\/v2\/comments?post=4926"}],"version-history":[{"count":5,"href":"https:\/\/auschwitz.net\/es\/wp-json\/wp\/v2\/pages\/4926\/revisions"}],"predecessor-version":[{"id":13954,"href":"https:\/\/auschwitz.net\/es\/wp-json\/wp\/v2\/pages\/4926\/revisions\/13954"}],"wp:attachment":[{"href":"https:\/\/auschwitz.net\/es\/wp-json\/wp\/v2\/media?parent=4926"}],"curies":[{"name":"wp","href":"https:\/\/api.w.org\/{rel}","templated":true}]}}