{"id":4535,"date":"2017-07-21T08:22:02","date_gmt":"2017-07-21T08:22:02","guid":{"rendered":"https:\/\/auschwitz.net\/?page_id=4535"},"modified":"2021-05-20T11:21:36","modified_gmt":"2021-05-20T09:21:36","slug":"auschwitz-creacion","status":"publish","type":"page","link":"https:\/\/auschwitz.net\/es\/auschwitz-creacion\/","title":{"rendered":"Creaci\u00f3n de Auschwitz"},"content":{"rendered":"","protected":false},"excerpt":{"rendered":"","protected":false},"author":1,"featured_media":0,"parent":0,"menu_order":0,"comment_status":"closed","ping_status":"closed","template":"","meta":{"footnotes":""},"class_list":["post-4535","page","type-page","status-publish","hentry"],"yoast_head":"<!-- This site is optimized with the Yoast SEO plugin v26.8 - https:\/\/yoast.com\/product\/yoast-seo-wordpress\/ -->\n<title>Historia de Auschwitz - La creaci\u00f3n de Auschwitz como campo nazi<\/title>\n<meta name=\"description\" content=\"La creaci\u00f3n de Auschwitz, la historia de Auschwitz como campo de concentraci\u00f3n y exterminio nazi alem\u00e1n, comenz\u00f3 durante la primavera de 1940.\" \/>\n<meta name=\"robots\" content=\"index, follow, max-snippet:-1, max-image-preview:large, max-video-preview:-1\" \/>\n<link rel=\"canonical\" href=\"https:\/\/auschwitz.net\/es\/auschwitz-creacion\/\" \/>\n<meta property=\"og:locale\" content=\"es_ES\" \/>\n<meta property=\"og:type\" content=\"article\" \/>\n<meta property=\"og:title\" content=\"Historia de Auschwitz - La creaci\u00f3n de Auschwitz como campo nazi\" \/>\n<meta property=\"og:description\" content=\"La creaci\u00f3n de Auschwitz, la historia de Auschwitz como campo de concentraci\u00f3n y exterminio nazi alem\u00e1n, comenz\u00f3 durante la primavera de 1940.\" \/>\n<meta property=\"og:url\" content=\"https:\/\/auschwitz.net\/es\/auschwitz-creacion\/\" \/>\n<meta property=\"og:site_name\" content=\"Auschwitz\" \/>\n<meta property=\"article:publisher\" content=\"https:\/\/www.facebook.com\/auschwitzexhibition\/\" \/>\n<meta property=\"article:modified_time\" content=\"2021-05-20T09:21:36+00:00\" \/>\n<meta name=\"twitter:card\" content=\"summary_large_image\" \/>\n<meta name=\"twitter:site\" content=\"@auschwitzxhibit\" \/>\n<script type=\"application\/ld+json\" class=\"yoast-schema-graph\">{\"@context\":\"https:\/\/schema.org\",\"@graph\":[{\"@type\":\"WebPage\",\"@id\":\"https:\/\/auschwitz.net\/es\/auschwitz-creacion\/\",\"url\":\"https:\/\/auschwitz.net\/es\/auschwitz-creacion\/\",\"name\":\"Historia de Auschwitz - La creaci\u00f3n de Auschwitz como campo nazi\",\"isPartOf\":{\"@id\":\"https:\/\/auschwitz.net\/#website\"},\"datePublished\":\"2017-07-21T08:22:02+00:00\",\"dateModified\":\"2021-05-20T09:21:36+00:00\",\"description\":\"La creaci\u00f3n de Auschwitz, la historia de Auschwitz como campo de concentraci\u00f3n y exterminio nazi alem\u00e1n, comenz\u00f3 durante la primavera de 1940.\",\"breadcrumb\":{\"@id\":\"https:\/\/auschwitz.net\/es\/auschwitz-creacion\/#breadcrumb\"},\"inLanguage\":\"es\",\"potentialAction\":[{\"@type\":\"ReadAction\",\"target\":[\"https:\/\/auschwitz.net\/es\/auschwitz-creacion\/\"]}]},{\"@type\":\"BreadcrumbList\",\"@id\":\"https:\/\/auschwitz.net\/es\/auschwitz-creacion\/#breadcrumb\",\"itemListElement\":[{\"@type\":\"ListItem\",\"position\":1,\"name\":\"Portada\",\"item\":\"https:\/\/auschwitz.net\/es\/?page_id=17381\"},{\"@type\":\"ListItem\",\"position\":2,\"name\":\"Creaci\u00f3n de Auschwitz\"}]},{\"@type\":\"WebSite\",\"@id\":\"https:\/\/auschwitz.net\/#website\",\"url\":\"https:\/\/auschwitz.net\/\",\"name\":\"Auschwitz\",\"description\":\"Exposici\u00f3n Auschwitz, en Madrid hasta el 16 de junio de 2018. Una emotiva y rigurosa muestra sobre el mayor campo nazi alem\u00e1n, con m\u00e1s de 600 objetos originales.\",\"potentialAction\":[{\"@type\":\"SearchAction\",\"target\":{\"@type\":\"EntryPoint\",\"urlTemplate\":\"https:\/\/auschwitz.net\/?s={search_term_string}\"},\"query-input\":{\"@type\":\"PropertyValueSpecification\",\"valueRequired\":true,\"valueName\":\"search_term_string\"}}],\"inLanguage\":\"es\"}]}<\/script>\n<!-- \/ Yoast SEO plugin. -->","yoast_head_json":{"title":"Historia de Auschwitz - La creaci\u00f3n de Auschwitz como campo nazi","description":"La creaci\u00f3n de Auschwitz, la historia de Auschwitz como campo de concentraci\u00f3n y exterminio nazi alem\u00e1n, comenz\u00f3 durante la primavera de 1940.","robots":{"index":"index","follow":"follow","max-snippet":"max-snippet:-1","max-image-preview":"max-image-preview:large","max-video-preview":"max-video-preview:-1"},"canonical":"https:\/\/auschwitz.net\/es\/auschwitz-creacion\/","og_locale":"es_ES","og_type":"article","og_title":"Historia de Auschwitz - La creaci\u00f3n de Auschwitz como campo nazi","og_description":"La creaci\u00f3n de Auschwitz, la historia de Auschwitz como campo de concentraci\u00f3n y exterminio nazi alem\u00e1n, comenz\u00f3 durante la primavera de 1940.","og_url":"https:\/\/auschwitz.net\/es\/auschwitz-creacion\/","og_site_name":"Auschwitz","article_publisher":"https:\/\/www.facebook.com\/auschwitzexhibition\/","article_modified_time":"2021-05-20T09:21:36+00:00","twitter_card":"summary_large_image","twitter_site":"@auschwitzxhibit","schema":{"@context":"https:\/\/schema.org","@graph":[{"@type":"WebPage","@id":"https:\/\/auschwitz.net\/es\/auschwitz-creacion\/","url":"https:\/\/auschwitz.net\/es\/auschwitz-creacion\/","name":"Historia de Auschwitz - La creaci\u00f3n de Auschwitz como campo nazi","isPartOf":{"@id":"https:\/\/auschwitz.net\/#website"},"datePublished":"2017-07-21T08:22:02+00:00","dateModified":"2021-05-20T09:21:36+00:00","description":"La creaci\u00f3n de Auschwitz, la historia de Auschwitz como campo de concentraci\u00f3n y exterminio nazi alem\u00e1n, comenz\u00f3 durante la primavera de 1940.","breadcrumb":{"@id":"https:\/\/auschwitz.net\/es\/auschwitz-creacion\/#breadcrumb"},"inLanguage":"es","potentialAction":[{"@type":"ReadAction","target":["https:\/\/auschwitz.net\/es\/auschwitz-creacion\/"]}]},{"@type":"BreadcrumbList","@id":"https:\/\/auschwitz.net\/es\/auschwitz-creacion\/#breadcrumb","itemListElement":[{"@type":"ListItem","position":1,"name":"Portada","item":"https:\/\/auschwitz.net\/es\/?page_id=17381"},{"@type":"ListItem","position":2,"name":"Creaci\u00f3n de Auschwitz"}]},{"@type":"WebSite","@id":"https:\/\/auschwitz.net\/#website","url":"https:\/\/auschwitz.net\/","name":"Auschwitz","description":"Exposici\u00f3n Auschwitz, en Madrid hasta el 16 de junio de 2018. Una emotiva y rigurosa muestra sobre el mayor campo nazi alem\u00e1n, con m\u00e1s de 600 objetos originales.","potentialAction":[{"@type":"SearchAction","target":{"@type":"EntryPoint","urlTemplate":"https:\/\/auschwitz.net\/?s={search_term_string}"},"query-input":{"@type":"PropertyValueSpecification","valueRequired":true,"valueName":"search_term_string"}}],"inLanguage":"es"}]}},"_links":{"self":[{"href":"https:\/\/auschwitz.net\/es\/wp-json\/wp\/v2\/pages\/4535","targetHints":{"allow":["GET"]}}],"collection":[{"href":"https:\/\/auschwitz.net\/es\/wp-json\/wp\/v2\/pages"}],"about":[{"href":"https:\/\/auschwitz.net\/es\/wp-json\/wp\/v2\/types\/page"}],"author":[{"embeddable":true,"href":"https:\/\/auschwitz.net\/es\/wp-json\/wp\/v2\/users\/1"}],"replies":[{"embeddable":true,"href":"https:\/\/auschwitz.net\/es\/wp-json\/wp\/v2\/comments?post=4535"}],"version-history":[{"count":6,"href":"https:\/\/auschwitz.net\/es\/wp-json\/wp\/v2\/pages\/4535\/revisions"}],"predecessor-version":[{"id":13946,"href":"https:\/\/auschwitz.net\/es\/wp-json\/wp\/v2\/pages\/4535\/revisions\/13946"}],"wp:attachment":[{"href":"https:\/\/auschwitz.net\/es\/wp-json\/wp\/v2\/media?parent=4535"}],"curies":[{"name":"wp","href":"https:\/\/api.w.org\/{rel}","templated":true}]}}